{"id":471,"date":"2016-07-14T12:39:46","date_gmt":"2016-07-14T12:39:46","guid":{"rendered":"https:\/\/ddtp.tecnicasreunidas.es\/en\/?page_id=471"},"modified":"2024-05-08T11:16:13","modified_gmt":"2024-05-08T11:16:13","slug":"enlaces","status":"publish","type":"page","link":"https:\/\/ddtp.tecnicasreunidas.es\/en\/enlaces\/","title":{"rendered":"Enlaces"},"content":{"rendered":"\n<p><strong>Materias Primas estrat\u00e9gicas, metales y minerales<\/strong><\/p>\n\n\n\n<ul>\n<li><a href=\"https:\/\/www.deutsche-phosphor-plattform.de\/english\/\" data-type=\"link\" data-id=\"https:\/\/www.deutsche-phosphor-plattform.de\/english\/\">Plataforma Alemana del F\u00f3sforo<\/a><\/li>\n\n\n\n<li><a href=\"https:\/\/www.phosphorusplatform.eu\/\" data-type=\"link\" data-id=\"https:\/\/www.phosphorusplatform.eu\/\">Plataforma Europea del F\u00f3sforo<\/a><\/li>\n\n\n\n<li><a href=\"https:\/\/www.ismc-iberiamine.com\/\" data-type=\"link\" data-id=\"https:\/\/www.ismc-iberiamine.com\/\">Iberian Sustainable Mining Cluster<\/a><\/li>\n\n\n\n<li><a href=\"https:\/\/global-reia.org\/\" data-type=\"link\" data-id=\"https:\/\/global-reia.org\/\">Rare Earth Industry Association-REIA<\/a><\/li>\n\n\n\n<li><a href=\"https:\/\/www.etpsmr.org\/\" data-type=\"link\" data-id=\"https:\/\/www.etpsmr.org\/\">European Technology Platform on Sustainable Mineral Resources (ETP SMR)<\/a><\/li>\n\n\n\n<li><a href=\"https:\/\/erma.eu\/\">European Raw Materials Alliance (ERMA)<\/a><span lang=\"EN-US\" style=\"font-size:11.0pt;font-family:\n&quot;Calibri&quot;,sans-serif;mso-fareast-font-family:&quot;Times New Roman&quot;;mso-ligatures:\nstandardcontextual;mso-ansi-language:EN-US;mso-fareast-language:EN-US;\nmso-bidi-language:AR-SA\"><\/span><\/li>\n\n\n\n<li><a href=\"https:\/\/www.zinc.org\/\" data-type=\"link\" data-id=\"https:\/\/www.zinc.org\/\">International Zinc Association<\/a><\/li>\n\n\n\n<li><a href=\"https:\/\/www.ilzsg.org\/\" data-type=\"link\" data-id=\"https:\/\/www.ilzsg.org\/\">International Lead and Zinc Study Group<\/a><\/li>\n\n\n\n<li><a href=\"https:\/\/www.lme.com\/\" data-type=\"link\" data-id=\"https:\/\/www.lme.com\/\">London Metal Exchange<\/a><\/li>\n\n\n\n<li><a href=\"https:\/\/www.metal.com\/\" data-type=\"link\" data-id=\"https:\/\/www.metal.com\/\">Shanghai Metals Market<\/a><\/li>\n\n\n\n<li><a href=\"https:\/\/primigea.es\/\" data-type=\"link\" data-id=\"https:\/\/primigea.es\/\">PRIMIGEA<\/a><\/li>\n\n\n\n<li><a href=\"https:\/\/www.aminer.es\/\" data-type=\"link\" data-id=\"https:\/\/www.aminer.es\/\">AMINER<\/a><\/li>\n\n\n\n<li><a href=\"http:\/\/confedem.com\/\" data-type=\"link\" data-id=\"http:\/\/confedem.com\/\">CONFEDEM<\/a><\/li>\n\n\n\n<li><a href=\"https:\/\/eitrawmaterials.eu\/\" data-type=\"link\" data-id=\"https:\/\/eitrawmaterials.eu\/\">EIT Raw Materials<\/a><\/li>\n\n\n\n<li><a href=\"https:\/\/single-market-economy.ec.europa.eu\/sectors\/raw-materials\/areas-specific-interest\/critical-raw-materials\/critical-raw-materials-act_en\" data-type=\"link\" data-id=\"https:\/\/single-market-economy.ec.europa.eu\/sectors\/raw-materials\/areas-specific-interest\/critical-raw-materials\/critical-raw-materials-act_en\">Critical Raw Materials Act<\/a><\/li>\n\n\n\n<li><a href=\"https:\/\/www.benchmarkminerals.com\/\" data-type=\"link\" data-id=\"https:\/\/www.benchmarkminerals.com\/\">Benchmark Mineral<\/a>c<\/li>\n\n\n\n<li><a href=\"https:\/\/www.fastmarkets.com\/\" data-type=\"link\" data-id=\"https:\/\/www.fastmarkets.com\/\">FastMarket<\/a><\/li>\n<\/ul>\n\n\n\n<p><strong>Transici\u00f3n Energ\u00e9tica<\/strong><\/p>\n\n\n\n<ul>\n<li><a href=\"https:\/\/suschem.org\/about\/\" data-type=\"link\" data-id=\"https:\/\/suschem.org\/about\/\">European Technology Platform for Sustainable Chemistry (SUSCHEM)<\/a><\/li>\n\n\n\n<li><a href=\"https:\/\/greenfutureplat.com\/\" data-type=\"link\" data-id=\"https:\/\/greenfutureplat.com\/\">GreenFuturePlat<\/a><\/li>\n\n\n\n<li><a href=\"https:\/\/www.europeanbiogas.eu\/member\/aebig-asociacion-espanola-de-biogas\/\" data-type=\"link\" data-id=\"https:\/\/www.europeanbiogas.eu\/member\/aebig-asociacion-espanola-de-biogas\/\">Asociaci\u00f3n Espa\u00f1ola del Biog\u00e1s<\/a><\/li>\n\n\n\n<li><a href=\"https:\/\/aeh2.org\/en\/\" data-type=\"link\" data-id=\"https:\/\/aeh2.org\/en\/\">Asociaci\u00f3n Espa\u00f1ola del Hidr\u00f3geno<\/a><\/li>\n\n\n\n<li><a href=\"https:\/\/pteco2.es\/\" data-type=\"link\" data-id=\"https:\/\/pteco2.es\/\">PTECO2 \u2013 Plataforma Tecnol\u00f3gica Espa\u00f1ola del CO2<\/a><\/li>\n\n\n\n<li><a href=\"https:\/\/www.globalccsinstitute.com\/\" data-type=\"link\" data-id=\"https:\/\/www.globalccsinstitute.com\/\">Global CCS Institute<\/a><\/li>\n\n\n\n<li><a href=\"https:\/\/hydrogeneurope.eu\/\" data-type=\"link\" data-id=\"https:\/\/hydrogeneurope.eu\/\">Hydrogen Europe<\/a><\/li>\n\n\n\n<li><a href=\"https:\/\/plasticseurope.org\/\" data-type=\"link\" data-id=\"https:\/\/plasticseurope.org\/\">Plastic Europe<\/a><\/li>\n<\/ul>\n\n\n\n<p><strong>Biorrefiner\u00eda<\/strong><\/p>\n\n\n\n<ul>\n<li><a href=\"https:\/\/www.cbe.europa.eu\/\" data-type=\"link\" data-id=\"https:\/\/www.cbe.europa.eu\/\">Circular Biobased Europe<\/a><\/li>\n\n\n\n<li><a href=\"https:\/\/bioplat.org\/\" data-type=\"link\" data-id=\"https:\/\/bioplat.org\/\">Bioplat<\/a><\/li>\n\n\n\n<li><a href=\"https:\/\/www.etipbioenergy.eu\/\" data-type=\"link\" data-id=\"https:\/\/www.etipbioenergy.eu\/\">European Technology and Innovation Platform<\/a><\/li>\n\n\n\n<li><a href=\"https:\/\/biomassmagazine.com\/\" data-type=\"link\" data-id=\"https:\/\/biomassmagazine.com\/\">Biomass Magazine<\/a><\/li>\n\n\n\n<li><a href=\"https:\/\/ddtp.tecnicasreunidas.es\/?page_id=875\" data-type=\"page\" data-id=\"875\">National Renewable Energy Laboratory of the U.S. Department of Energy, Office of Energy Efficiency and Renewable Energy<\/a><\/li>\n<\/ul>\n\n\n\n<p><strong>Medioambiente<\/strong><\/p>\n\n\n\n<ul>\n<li><a rel=\"noreferrer noopener\" href=\"https:\/\/www.unep.org\/\" target=\"_blank\">United Nations Environment Programme:<\/a> <\/li>\n\n\n\n<li><a rel=\"noreferrer noopener\" href=\"https:\/\/www.unep.org\/explore-topics\/technology\" target=\"_blank\">UNEP, technology<\/a> <\/li>\n\n\n\n<li><a rel=\"noreferrer noopener\" href=\"https:\/\/www.unenvironment.org\/explore-topics\/chemicals-waste\" target=\"_blank\">UNEP, chemicals and waste<\/a><\/li>\n\n\n\n<li><a rel=\"noreferrer noopener\" href=\"https:\/\/www.unep.org\/explore-topics\/climate-change\" target=\"_blank\">UNEP, Climate change<\/a> <\/li>\n\n\n\n<li><a rel=\"noreferrer noopener\" href=\"https:\/\/www.unep.org\/explore-topics\/climate-change\" target=\"_blank\">UNEP, Climate change<\/a> <\/li>\n\n\n\n<li><a rel=\"noreferrer noopener\" href=\"https:\/\/www.unep.org\/explore-topics\/green-economy\" target=\"_blank\">UNEP, Econom\u00eda verde<\/a> <\/li>\n\n\n\n<li><a rel=\"noreferrer noopener\" href=\"https:\/\/www.unep.org\/explore-topics\/sustainable-development-goals\" target=\"_blank\">UNEP, SDG<\/a><\/li>\n\n\n\n<li><a rel=\"noreferrer noopener\" href=\"https:\/\/www.oecd.org\/environment\/\" target=\"_blank\">OCDE, Medio Ambiente<\/a><\/li>\n\n\n\n<li><a rel=\"noreferrer noopener\" href=\"https:\/\/www.oecd-ilibrary.org\/\" target=\"_blank\">OCDE, publicaciones<\/a><\/li>\n\n\n\n<li><a rel=\"noreferrer noopener\" href=\"https:\/\/ec.europa.eu\/environment\/index_en\" target=\"_blank\">Comisi\u00f3n Europea, Medio Ambiente<\/a><\/li>\n\n\n\n<li><a rel=\"noreferrer noopener\" href=\"https:\/\/ec.europa.eu\/info\/strategy\/priorities-2019-2024\/european-green-deal_en\" target=\"_blank\">EU Green Deal<\/a><\/li>\n\n\n\n<li><a rel=\"noreferrer noopener\" href=\"https:\/\/ec.europa.eu\/clima\/index_en\" target=\"_blank\">Acci\u00f3n por el clima<\/a><\/li>\n\n\n\n<li><a rel=\"noreferrer noopener\" href=\"https:\/\/ec.europa.eu\/environment\/topics\/circular-economy_en\" target=\"_blank\">Econom\u00eda Circular<\/a><\/li>\n\n\n\n<li><a rel=\"noreferrer noopener\" href=\"https:\/\/ec.europa.eu\/environment\/topics\/waste-and-recycling_en\" target=\"_blank\">Residuos y reciclado<\/a><\/li>\n\n\n\n<li><a rel=\"noreferrer noopener\" href=\"https:\/\/circulareconomy.europa.eu\/platform\/\" target=\"_blank\">European Circular Economy Stakeholder Platform<\/a><\/li>\n\n\n\n<li><a rel=\"noreferrer noopener\" href=\"https:\/\/www.eea.europa.eu\/\" target=\"_blank\">Agencia Europea de Medio Ambiente<\/a><\/li>\n\n\n\n<li><a rel=\"noreferrer noopener\" href=\"https:\/\/www.weforum.org\/agenda\/archive\/environment-and-natural-resource-security\" target=\"_blank\">World Economic Forum, Medio Ambiente<\/a><\/li>\n\n\n\n<li><a href=\"https:\/\/www.ellenmacarthurfoundation.org\/\" target=\"_blank\" rel=\"noreferrer noopener\">Fundaci\u00f3n Ellen McArthur para la Econom\u00eda Circular<\/a><\/li>\n<\/ul>\n\n\n\n<p><strong>Funding Opportunities<\/strong><\/p>\n\n\n\n<ul>\n<li><a href=\"https:\/\/research-and-innovation.ec.europa.eu\/funding\/funding-opportunities\/funding-programmes-and-open-calls_en\" data-type=\"link\" data-id=\"https:\/\/research-and-innovation.ec.europa.eu\/funding\/funding-opportunities\/funding-programmes-and-open-calls_en\">European Commission &#8211; Funding Programmes and Open calls<\/a><\/li>\n\n\n\n<li><a href=\"https:\/\/www.cdti.es\/apoyo-idi\" data-type=\"link\" data-id=\"https:\/\/www.cdti.es\/apoyo-idi\">CDTi \u2013 Apoyo a la I+D+i<\/a><\/li>\n<\/ul>\n","protected":false},"excerpt":{"rendered":"Materias Primas estrat\u00e9gicas, metales y minerales Transici\u00f3n Energ\u00e9tica Biorrefiner\u00eda Medioambiente Funding Opportunities","protected":false},"author":2,"featured_media":0,"parent":0,"menu_order":10,"comment_status":"closed","ping_status":"closed","template":"links.php","meta":{"footnotes":""},"_links":{"self":[{"href":"https:\/\/ddtp.tecnicasreunidas.es\/en\/wp-json\/wp\/v2\/pages\/471"}],"collection":[{"href":"https:\/\/ddtp.tecnicasreunidas.es\/en\/wp-json\/wp\/v2\/pages"}],"about":[{"href":"https:\/\/ddtp.tecnicasreunidas.es\/en\/wp-json\/wp\/v2\/types\/page"}],"author":[{"embeddable":true,"href":"https:\/\/ddtp.tecnicasreunidas.es\/en\/wp-json\/wp\/v2\/users\/2"}],"replies":[{"embeddable":true,"href":"https:\/\/ddtp.tecnicasreunidas.es\/en\/wp-json\/wp\/v2\/comments?post=471"}],"version-history":[{"count":8,"href":"https:\/\/ddtp.tecnicasreunidas.es\/en\/wp-json\/wp\/v2\/pages\/471\/revisions"}],"predecessor-version":[{"id":880,"href":"https:\/\/ddtp.tecnicasreunidas.es\/en\/wp-json\/wp\/v2\/pages\/471\/revisions\/880"}],"wp:attachment":[{"href":"https:\/\/ddtp.tecnicasreunidas.es\/en\/wp-json\/wp\/v2\/media?parent=471"}],"curies":[{"name":"wp","href":"https:\/\/api.w.org\/{rel}","templated":true}]}}