{"id":644,"date":"2020-06-25T15:17:08","date_gmt":"2020-06-25T15:17:08","guid":{"rendered":"https:\/\/ddtp.tecnicasreunidas.es\/en\/datmos\/"},"modified":"2020-06-25T15:19:51","modified_gmt":"2020-06-25T15:19:51","slug":"datmos","status":"publish","type":"page","link":"https:\/\/ddtp.tecnicasreunidas.es\/en\/technologies\/datmos\/","title":{"rendered":"Datmos"},"content":{"rendered":"<h2>TECNOLOG\u00cdAS<\/h2>\n<h1>PROCESO DATMOS<sup>TM<\/sup><\/h1>\n<p><span id=\"textoTextoArriba\">La Divisi\u00f3n de Desarrollo Tecnolog\u00edas Propias (DDTP) ha desarrollado un proceso de lixiviaci\u00f3n directa de sulfuros met\u00e1licos a presi\u00f3n atmosf\u00e9rica que permite altas recuperaciones de metal en condiciones suaves y cortos tiempos de reacci\u00f3n.<\/span><\/p>\n<p>La tecnolog\u00eda DATMOS<sup>TM<\/sup>\u00a0permite la recuperaci\u00f3n de zinc directamente de sulfuros met\u00e1licos sin necesidad de pasar por la etapa de tostaci\u00f3n y sin la limitaci\u00f3n de tener que emplear concentrados met\u00e1licos de alta ley en zinc.<\/p>\n<p>En las condiciones de reacci\u00f3n est\u00e1ndar de la tecnolog\u00eda DATMOS<sup>TM<\/sup>\u00a0tambi\u00e9n es posible poner en disoluci\u00f3n otros metales presentes en el mineral o concentrado polimet\u00e1lico, si bien, para estimar las eficacias de lixiviaci\u00f3n es necesario estudiar experimentalmente el comportamiento del material.<\/p>\n<h2 class=\"units-section__title\">LIXIVIACI\u00d3N DIRECTA I:<\/h2>\n<p>Se produce la disoluci\u00f3n del sulfuro de zinc en condiciones \u00e1cidas suaves empleando O2 como oxidante y la disoluci\u00f3n \u00e1cida producida en la etapa de lixiviaci\u00f3n directa II.<\/p>\n<h2 class=\"units-section__title\">LIXIVACI\u00d3N DIRECTA II:<\/h2>\n<p>El s\u00f3lido resultante de la etapa anterior se somete a un tratamiento empleando una mezcla de O2 y SO2 que produce unas condiciones de reacci\u00f3n m\u00e1s oxidantes consiguiendo la disoluci\u00f3n del sulfuro de zinc de manera eficaz.<\/p>\n<h2>La disoluci\u00f3n de sulfuro de zinc producida tiene unas condiciones \u00f3ptimas para entrar en la etapa de purificaci\u00f3n mediante extracci\u00f3n con disolventes de la tecnolog\u00eda ZINCEX<sup>TM<\/sup><\/h2>\n","protected":false},"excerpt":{"rendered":"TECNOLOG\u00cdAS PROCESO DATMOSTM La Divisi\u00f3n de Desarrollo Tecnolog\u00edas Propias (DDTP) ha desarrollado un proceso de lixiviaci\u00f3n directa de sulfuros met\u00e1licos a presi\u00f3n atmosf\u00e9rica que permite altas recuperaciones de metal en condiciones suaves y cortos tiempos de reacci\u00f3n. La tecnolog\u00eda DATMOSTM\u00a0permite la recuperaci\u00f3n de zinc directamente de sulfuros met\u00e1licos sin necesidad de pasar por la etapa&#8230; <a class=\"view-article\" href=\"https:\/\/ddtp.tecnicasreunidas.es\/en\/technologies\/datmos\/\">View Article<\/a>","protected":false},"author":2,"featured_media":0,"parent":67,"menu_order":0,"comment_status":"closed","ping_status":"closed","template":"procesos-y-productos-ficha-datmos.php","meta":{"footnotes":""},"_links":{"self":[{"href":"https:\/\/ddtp.tecnicasreunidas.es\/en\/wp-json\/wp\/v2\/pages\/644"}],"collection":[{"href":"https:\/\/ddtp.tecnicasreunidas.es\/en\/wp-json\/wp\/v2\/pages"}],"about":[{"href":"https:\/\/ddtp.tecnicasreunidas.es\/en\/wp-json\/wp\/v2\/types\/page"}],"author":[{"embeddable":true,"href":"https:\/\/ddtp.tecnicasreunidas.es\/en\/wp-json\/wp\/v2\/users\/2"}],"replies":[{"embeddable":true,"href":"https:\/\/ddtp.tecnicasreunidas.es\/en\/wp-json\/wp\/v2\/comments?post=644"}],"version-history":[{"count":1,"href":"https:\/\/ddtp.tecnicasreunidas.es\/en\/wp-json\/wp\/v2\/pages\/644\/revisions"}],"predecessor-version":[{"id":645,"href":"https:\/\/ddtp.tecnicasreunidas.es\/en\/wp-json\/wp\/v2\/pages\/644\/revisions\/645"}],"up":[{"embeddable":true,"href":"https:\/\/ddtp.tecnicasreunidas.es\/en\/wp-json\/wp\/v2\/pages\/67"}],"wp:attachment":[{"href":"https:\/\/ddtp.tecnicasreunidas.es\/en\/wp-json\/wp\/v2\/media?parent=644"}],"curies":[{"name":"wp","href":"https:\/\/api.w.org\/{rel}","templated":true}]}}