{"id":65,"date":"2014-10-14T10:38:08","date_gmt":"2014-10-14T10:38:08","guid":{"rendered":"https:\/\/ddtp.tecnicasreunidas.es\/?page_id=65"},"modified":"2016-07-19T07:44:50","modified_gmt":"2016-07-19T07:44:50","slug":"technology-center","status":"publish","type":"page","link":"https:\/\/ddtp.tecnicasreunidas.es\/en\/about-us\/technology-center\/","title":{"rendered":"TECHNOLOGY CENTER"},"content":{"rendered":"<p><strong>T\u00e9cnicas Reunidas<\/strong> maintains a clear and firm commitment to R&amp;D and innovation. Its <strong>Technology Centre <\/strong> is at the core this activity, with a strategy based on consolidating already developed technologies, as well as the development of new technologies in different sectors.<\/p>\n<p>The Technology Centre has a staff of over 70 people, including graduates and doctors in various disciplines (chemical, industrial, aeronautical and agricultural engineers, chemists specialising in different areas, and physicists), laboratory technicians and administrative staff, making versatility the Centre\u2019s key trait.<\/p>\n<p>This allows research and development to be carried out at any level, from the laboratory to pilot testing and demonstration, as well as basic or advanced engineering in any area. <\/p>\n<p>Due to the growth of client projects and research and development projects, in the last few years important investments have been made towards expanding and renovating infrastructures and acquiring state-of-the-art equipment, with the clear goal of accommodating the Division&#8217;s growth and guaranteeing quality and on-schedule implementation of different projects<\/p>\n<p>\u00c1reas de ensayos y laboratorios de hidrometal\u00fargia y electroqu\u00edmica, almacenamiento de energ\u00eda, biorrefineria y tratamientos de aguas y residuos.<\/p>\n<p>Instalaciones dedicadas a plantas piloto de lixiviaci\u00f3n, filtraci\u00f3n, precipitaci\u00f3n selectiva, extracci\u00f3n con disolventes y electr\u00f3lisis, con un dise\u00f1o flexible que permite establecer configuraciones de proceso diferentes con el objetivo de confirmar la validez de nuestros procesos.<\/p>\n<p>Mechanical workshop for the manufacture of prototypes and special equipment.<\/p>\n<p><strong>Laboratorio de an\u00e1lisis qu\u00edmicos<\/strong> para la caracterizaci\u00f3n de compuestos tanto org\u00e1nicos como inorg\u00e1nicos, y especializado en la determinaci\u00f3n de trazas, ultratrazas, especies mayoritarias y minoritarias en s\u00f3lidos y en disoluciones.<\/p>\n<p>IT resources for technology monitoring (Goldfire\u00ae), process simulation (Metsim\u00ae y Ecosim\u00ae), fluid dynamics and agitation simulation (Floworks\u00ae and VisiMix) and CAD (Autocad\u00ae)<\/p>\n","protected":false},"excerpt":{"rendered":"T\u00e9cnicas Reunidas maintains a clear and firm commitment to R&amp;D and innovation. Its Technology Centre is at the core this activity, with a strategy based on consolidating already developed technologies, as well as the development of new technologies in different sectors. The Technology Centre has a staff of over 70 people, including graduates and doctors&#8230; <a class=\"view-article\" href=\"https:\/\/ddtp.tecnicasreunidas.es\/en\/about-us\/technology-center\/\">View Article<\/a>","protected":false},"author":2,"featured_media":0,"parent":61,"menu_order":0,"comment_status":"open","ping_status":"open","template":"quienes-somos-centro-tecnologico.php","meta":{"footnotes":""},"_links":{"self":[{"href":"https:\/\/ddtp.tecnicasreunidas.es\/en\/wp-json\/wp\/v2\/pages\/65"}],"collection":[{"href":"https:\/\/ddtp.tecnicasreunidas.es\/en\/wp-json\/wp\/v2\/pages"}],"about":[{"href":"https:\/\/ddtp.tecnicasreunidas.es\/en\/wp-json\/wp\/v2\/types\/page"}],"author":[{"embeddable":true,"href":"https:\/\/ddtp.tecnicasreunidas.es\/en\/wp-json\/wp\/v2\/users\/2"}],"replies":[{"embeddable":true,"href":"https:\/\/ddtp.tecnicasreunidas.es\/en\/wp-json\/wp\/v2\/comments?post=65"}],"version-history":[{"count":5,"href":"https:\/\/ddtp.tecnicasreunidas.es\/en\/wp-json\/wp\/v2\/pages\/65\/revisions"}],"predecessor-version":[{"id":495,"href":"https:\/\/ddtp.tecnicasreunidas.es\/en\/wp-json\/wp\/v2\/pages\/65\/revisions\/495"}],"up":[{"embeddable":true,"href":"https:\/\/ddtp.tecnicasreunidas.es\/en\/wp-json\/wp\/v2\/pages\/61"}],"wp:attachment":[{"href":"https:\/\/ddtp.tecnicasreunidas.es\/en\/wp-json\/wp\/v2\/media?parent=65"}],"curies":[{"name":"wp","href":"https:\/\/api.w.org\/{rel}","templated":true}]}}