{"id":650,"date":"2020-06-25T15:23:15","date_gmt":"2020-06-25T15:23:15","guid":{"rendered":"https:\/\/ddtp.tecnicasreunidas.es\/en\/technologies\/halomet\/"},"modified":"2020-11-05T09:56:40","modified_gmt":"2020-11-05T09:56:40","slug":"environment","status":"publish","type":"page","link":"https:\/\/ddtp.tecnicasreunidas.es\/en\/technologies\/environment\/","title":{"rendered":"Environment"},"content":{"rendered":"<h2>TECNOLOG\u00cdAS<\/h2>\n<h1>PROCESO HALOMET<sup>TM<\/sup><\/h1>\n<p><span id=\"textoTextoArriba\">El agotamiento de los recursos f\u00e1cilmente explotables junto con los esfuerzos realizados para la valorizaci\u00f3n de los residuos, ha hecho que la lixiviaci\u00f3n en medio cloruro adquiera un renovado inter\u00e9s para la recuperaci\u00f3n de metales que deban ser recuperados debido a su inter\u00e9s econ\u00f3mico o por restricciones medioambientales asociadas al plomo.<\/p>\n<p>El proceso HALOMET<sup>TM<\/sup>\u00a0parte de una lixiviaci\u00f3n en medio cloruro y tras un proceso de purificaci\u00f3n mediante extracci\u00f3n con disolventes,\u00a0<strong>permite la recuperaci\u00f3n selectiva de los metales presentes en residuos industriales o urbanos.<\/strong><\/p>\n<p>El empleo de la lixiviaci\u00f3n en medio cloruro permite la disoluci\u00f3n de metales que puede que sean refractarios a procesos de lixiviaci\u00f3n convencionales como el empleo de \u00e1cido sulf\u00farico o que en esas condiciones la producci\u00f3n de residuos hace el proceso no viable medioambientalmente.<\/span><\/p>\n<h2 class=\"units-section__title\">CIRCUITO DE LIXIVIACI\u00d3N EN MEDIO CLORURO:<\/h2>\n<p>La lixiviaci\u00f3n se realiza en medio \u00e1cido cloruro en aquellas materias primas donde el empleo de \u00e1cido sulf\u00farico no es eficaz.<\/p>\n<h2 class=\"units-section__title\">EXTRACCI\u00d3N CON DISOLVENTE:<\/h2>\n<p>la etapa de extracci\u00f3n con disolvente concentra y purifica el electrolito y se realiza la etapa de re-extracci\u00f3n empleando \u00e1cido sulf\u00farico, produciendo un electrolito de zinc adecuado para el proceso de electrodeposici\u00f3n convencional<\/p>\n<h2 class=\"units-section__title\">CIRCUITO DE ELECTROLISIS EN MEDIO SULFATO:<\/h2>\n<p>se producen placas de zinc met\u00e1lico de alta pureza mediante el empleo de una corriente el\u00e9ctrica. El electrolito agotado se emplea de nuevo en la etapa de re-extracci\u00f3n.<\/p>\n<p>El proceso\u00a0<strong>LIP4CAT<\/strong><sup>TM<\/sup>\u00a0permite la recuperaci\u00f3n de zinc de la calcina en s\u00f3lo dos etapas de proceso debido a que, al estar asociado al proceso\u00a0<strong>ZINCEX<\/strong><sup>TM<\/sup>, permite realizar las reacciones de lixiviaci\u00f3n en condiciones m\u00e1s diluidas.<\/p>\n<p>Estas condiciones de lixiviaci\u00f3n, con unas densidades de pulpa bajas, permiten conseguir eficacias de lixiviaci\u00f3n muy elevadas empleando s\u00f3lo dos etapas de lixiviaci\u00f3n y unas condiciones de reacci\u00f3n m\u00e1s suaves.<\/p>\n","protected":false},"excerpt":{"rendered":"TECNOLOG\u00cdAS PROCESO HALOMETTM El agotamiento de los recursos f\u00e1cilmente explotables junto con los esfuerzos realizados para la valorizaci\u00f3n de los residuos, ha hecho que la lixiviaci\u00f3n en medio cloruro adquiera un renovado inter\u00e9s para la recuperaci\u00f3n de metales que deban ser recuperados debido a su inter\u00e9s econ\u00f3mico o por restricciones medioambientales asociadas al plomo. El&#8230; <a class=\"view-article\" href=\"https:\/\/ddtp.tecnicasreunidas.es\/en\/technologies\/environment\/\">View Article<\/a>","protected":false},"author":2,"featured_media":0,"parent":67,"menu_order":0,"comment_status":"closed","ping_status":"closed","template":"procesos-y-productos-ficha-halomet.php","meta":{"footnotes":""},"_links":{"self":[{"href":"https:\/\/ddtp.tecnicasreunidas.es\/en\/wp-json\/wp\/v2\/pages\/650"}],"collection":[{"href":"https:\/\/ddtp.tecnicasreunidas.es\/en\/wp-json\/wp\/v2\/pages"}],"about":[{"href":"https:\/\/ddtp.tecnicasreunidas.es\/en\/wp-json\/wp\/v2\/types\/page"}],"author":[{"embeddable":true,"href":"https:\/\/ddtp.tecnicasreunidas.es\/en\/wp-json\/wp\/v2\/users\/2"}],"replies":[{"embeddable":true,"href":"https:\/\/ddtp.tecnicasreunidas.es\/en\/wp-json\/wp\/v2\/comments?post=650"}],"version-history":[{"count":3,"href":"https:\/\/ddtp.tecnicasreunidas.es\/en\/wp-json\/wp\/v2\/pages\/650\/revisions"}],"predecessor-version":[{"id":781,"href":"https:\/\/ddtp.tecnicasreunidas.es\/en\/wp-json\/wp\/v2\/pages\/650\/revisions\/781"}],"up":[{"embeddable":true,"href":"https:\/\/ddtp.tecnicasreunidas.es\/en\/wp-json\/wp\/v2\/pages\/67"}],"wp:attachment":[{"href":"https:\/\/ddtp.tecnicasreunidas.es\/en\/wp-json\/wp\/v2\/media?parent=650"}],"curies":[{"name":"wp","href":"https:\/\/api.w.org\/{rel}","templated":true}]}}