{"id":653,"date":"2020-06-25T15:25:45","date_gmt":"2020-06-25T15:25:45","guid":{"rendered":"https:\/\/ddtp.tecnicasreunidas.es\/en\/technologies\/lip4cat\/"},"modified":"2020-06-25T15:45:59","modified_gmt":"2020-06-25T15:45:59","slug":"lip4cat","status":"publish","type":"page","link":"https:\/\/ddtp.tecnicasreunidas.es\/en\/technologies\/lip4cat\/","title":{"rendered":"Lip4Cat"},"content":{"rendered":"<h2>TECNOLOG\u00cdAS<\/h2>\n<h1>PROCESO LIP4CAT<sup>TM<\/sup><\/h1>\n<p><span id=\"textoTextoArriba\">La obtenci\u00f3n de zinc met\u00e1lico se basa fundamentalmente en la lixiviaci\u00f3n de calcinas de zinc que proviene de la tostaci\u00f3n de concentrados de alta ley de este metal.<\/p>\n<p>Durante el proceso de tostaci\u00f3n se produce, por reacci\u00f3n entre el zinc y el hierro presentes en el concentrado, ferrita de zinc cuya disoluci\u00f3n necesita de condiciones de reacci\u00f3n fuertemente \u00e1cidas y temperaturas elevadas.<\/p>\n<p>Para optimizar el consumo de \u00e1cido y reducir las p\u00e9rdidas de zinc, esta lixiviaci\u00f3n se realiza en contracorriente empleando entre 2 y 3 etapas de reacci\u00f3n.<\/span><\/p>\n<p>El proceso LIP4CAT<sup>TM<\/sup>\u00a0consta de las siguientes unidades:<\/p>\n<h2 class=\"units-section__title\">SCL (lixiviaci\u00f3n suave de calcinas)<\/h2>\n<p>Se produce la disoluci\u00f3n del \u00f3xido de zinc en condiciones \u00e1cidas suaves a baja temperatura empleando a la disoluci\u00f3n \u00e1cida producida en la etapa SFL.<\/p>\n<h2 class=\"units-section__title\">SFL (lixiviaci\u00f3n fuerte de ferritas)<\/h2>\n<p>El s\u00f3lido resultante de la etapa anterior se somete a un tratamiento fuertemente \u00e1cido a alta temperatura para conseguir la disoluci\u00f3n de la ferrita de zinc.<\/p>\n","protected":false},"excerpt":{"rendered":"TECNOLOG\u00cdAS PROCESO LIP4CATTM La obtenci\u00f3n de zinc met\u00e1lico se basa fundamentalmente en la lixiviaci\u00f3n de calcinas de zinc que proviene de la tostaci\u00f3n de concentrados de alta ley de este metal. Durante el proceso de tostaci\u00f3n se produce, por reacci\u00f3n entre el zinc y el hierro presentes en el concentrado, ferrita de zinc cuya disoluci\u00f3n&#8230; <a class=\"view-article\" href=\"https:\/\/ddtp.tecnicasreunidas.es\/en\/technologies\/lip4cat\/\">View Article<\/a>","protected":false},"author":2,"featured_media":0,"parent":67,"menu_order":0,"comment_status":"closed","ping_status":"closed","template":"procesos-y-productos-ficha-lip4cat.php","meta":{"footnotes":""},"_links":{"self":[{"href":"https:\/\/ddtp.tecnicasreunidas.es\/en\/wp-json\/wp\/v2\/pages\/653"}],"collection":[{"href":"https:\/\/ddtp.tecnicasreunidas.es\/en\/wp-json\/wp\/v2\/pages"}],"about":[{"href":"https:\/\/ddtp.tecnicasreunidas.es\/en\/wp-json\/wp\/v2\/types\/page"}],"author":[{"embeddable":true,"href":"https:\/\/ddtp.tecnicasreunidas.es\/en\/wp-json\/wp\/v2\/users\/2"}],"replies":[{"embeddable":true,"href":"https:\/\/ddtp.tecnicasreunidas.es\/en\/wp-json\/wp\/v2\/comments?post=653"}],"version-history":[{"count":1,"href":"https:\/\/ddtp.tecnicasreunidas.es\/en\/wp-json\/wp\/v2\/pages\/653\/revisions"}],"predecessor-version":[{"id":656,"href":"https:\/\/ddtp.tecnicasreunidas.es\/en\/wp-json\/wp\/v2\/pages\/653\/revisions\/656"}],"up":[{"embeddable":true,"href":"https:\/\/ddtp.tecnicasreunidas.es\/en\/wp-json\/wp\/v2\/pages\/67"}],"wp:attachment":[{"href":"https:\/\/ddtp.tecnicasreunidas.es\/en\/wp-json\/wp\/v2\/media?parent=653"}],"curies":[{"name":"wp","href":"https:\/\/api.w.org\/{rel}","templated":true}]}}