{"id":660,"date":"2020-06-25T15:46:33","date_gmt":"2020-06-25T15:46:33","guid":{"rendered":"https:\/\/ddtp.tecnicasreunidas.es\/en\/technologies\/phos4life\/"},"modified":"2020-11-05T09:58:05","modified_gmt":"2020-11-05T09:58:05","slug":"critical-raw-materials","status":"publish","type":"page","link":"https:\/\/ddtp.tecnicasreunidas.es\/en\/technologies\/critical-raw-materials\/","title":{"rendered":"Critical Raw Materials"},"content":{"rendered":"<h2 class=\"subtitle\">TECNOLOG\u00cdAS DE RECUPERACI\u00d3N DE F\u00d3SFORO<\/h2>\n<h1>PROCESO PHOS4LIFE<sup>TM<\/sup><\/h1>\n<p><span id=\"textoTextoArriba\"><strong>La tecnolog\u00eda Phos4life<sup>TM<\/sup>\u00a0ofrece una v\u00eda de recuperaci\u00f3n de f\u00f3sforo en forma de \u00e1cido fosf\u00f3rico a partir de cenizas de lodos de depuradora incinerados.<\/strong><\/p>\n<p>Los recursos minerales de f\u00f3sforo, los fosfatos, aunque son relativamente abundantes son un recurso finito y no renovable. Europa carece de estos recursos y depende por completo de su importaci\u00f3n, lo que ha llevado a catalogar a los fosfatos como una materia prima cr\u00edtica para la econom\u00eda europea.<\/p>\n<p><strong>La principal v\u00eda para remediar esta situaci\u00f3n es hacer una gesti\u00f3n sostenible del f\u00f3sforo reduciendo las p\u00e9rdidas durante su ciclo de uso.\u00a0<\/strong><\/p>\n<p>Con su recuperaci\u00f3n y reincorporaci\u00f3n al ciclo se reducen las necesidades de recursos minerales y se evitan los efectos perjudiciales que la acumulaci\u00f3n de f\u00f3sforo provoca en los ecosistemas acu\u00e1ticos.<\/span><\/p>\n<p><strong>Tecnolog\u00eda desarrollada en el Centro Tecnol\u00f3gico Jose Llad\u00f3 de T\u00e9cnicas Reunidas<\/strong>\u00a0con colaboraci\u00f3n de la fundaci\u00f3n suiza\u00a0<strong>ZAR (Stifung Zentrum f\u00fcr Naccaltige Abfal-Und Ressourcennutzung).<\/strong><\/p>\n<h2>EL N\u00daCLEO DE LA TECNOLOG\u00cdA PHOS4LIFE<sup>TM<\/sup>, CONSTA DE:<\/h2>\n<ul class=\"content\">\n<li>Una primera etapa de lixiviaci\u00f3n, siendo el objetivo de esta etapa poner el f\u00f3sforo en disoluci\u00f3n y obtener un residuo aprovechable para aplicaciones industriales.<\/li>\n<li>Etapa de recuperaci\u00f3n de hierro en forma de producto comercializable.<\/li>\n<li>Etapa de extracci\u00f3n con disolventes para recuperar \u00e1cido fosf\u00f3rico libre de impurezas.<\/li>\n<li>Una etapa de eliminaci\u00f3n de los metales pesados presentes en el producto final.<\/li>\n<li>Etapa de evaporaci\u00f3n hasta obtener un \u00e1cido fosf\u00f3rico de grado t\u00e9cnico con una concentraci\u00f3n del 75%.<\/li>\n<\/ul>\n","protected":false},"excerpt":{"rendered":"TECNOLOG\u00cdAS DE RECUPERACI\u00d3N DE F\u00d3SFORO PROCESO PHOS4LIFETM La tecnolog\u00eda Phos4lifeTM\u00a0ofrece una v\u00eda de recuperaci\u00f3n de f\u00f3sforo en forma de \u00e1cido fosf\u00f3rico a partir de cenizas de lodos de depuradora incinerados. Los recursos minerales de f\u00f3sforo, los fosfatos, aunque son relativamente abundantes son un recurso finito y no renovable. Europa carece de estos recursos y depende&#8230; <a class=\"view-article\" href=\"https:\/\/ddtp.tecnicasreunidas.es\/en\/technologies\/critical-raw-materials\/\">View Article<\/a>","protected":false},"author":2,"featured_media":0,"parent":67,"menu_order":0,"comment_status":"closed","ping_status":"closed","template":"procesos-y-productos-ficha-phos4life.php","meta":{"footnotes":""},"_links":{"self":[{"href":"https:\/\/ddtp.tecnicasreunidas.es\/en\/wp-json\/wp\/v2\/pages\/660"}],"collection":[{"href":"https:\/\/ddtp.tecnicasreunidas.es\/en\/wp-json\/wp\/v2\/pages"}],"about":[{"href":"https:\/\/ddtp.tecnicasreunidas.es\/en\/wp-json\/wp\/v2\/types\/page"}],"author":[{"embeddable":true,"href":"https:\/\/ddtp.tecnicasreunidas.es\/en\/wp-json\/wp\/v2\/users\/2"}],"replies":[{"embeddable":true,"href":"https:\/\/ddtp.tecnicasreunidas.es\/en\/wp-json\/wp\/v2\/comments?post=660"}],"version-history":[{"count":3,"href":"https:\/\/ddtp.tecnicasreunidas.es\/en\/wp-json\/wp\/v2\/pages\/660\/revisions"}],"predecessor-version":[{"id":782,"href":"https:\/\/ddtp.tecnicasreunidas.es\/en\/wp-json\/wp\/v2\/pages\/660\/revisions\/782"}],"up":[{"embeddable":true,"href":"https:\/\/ddtp.tecnicasreunidas.es\/en\/wp-json\/wp\/v2\/pages\/67"}],"wp:attachment":[{"href":"https:\/\/ddtp.tecnicasreunidas.es\/en\/wp-json\/wp\/v2\/media?parent=660"}],"curies":[{"name":"wp","href":"https:\/\/api.w.org\/{rel}","templated":true}]}}