{"id":665,"date":"2020-06-25T15:47:58","date_gmt":"2020-06-25T15:47:58","guid":{"rendered":"https:\/\/ddtp.tecnicasreunidas.es\/en\/technologies\/waleva\/"},"modified":"2020-11-05T09:58:27","modified_gmt":"2020-11-05T09:58:27","slug":"biorefinery","status":"publish","type":"page","link":"https:\/\/ddtp.tecnicasreunidas.es\/en\/technologies\/biorefinery\/","title":{"rendered":"Biorefinery"},"content":{"rendered":"<h2 class=\"subtitle\">TECNOLOG\u00cdAS DE VALORIZACI\u00d3N DE BIOMASA<\/h2>\n<h1>PROCESO WALEVA<sup>TM<\/sup><\/h1>\n<p><span id=\"textoTextoArriba\"><strong>La tecnolog\u00eda WALEVA desarrollada por T\u00e9cnicas Reunidas, ha demostrado la viabilidad de transformar cualquier tipo de residuo lignocelul\u00f3sico en el \u00e1cido levul\u00ednico, una plataforma qu\u00edmica de alto valor a\u00f1adido.<\/strong><\/p>\n<p>Partiendo de la introducci\u00f3n de una nueva cadena de valor se consigue a la vez evitar el impacto ambiental que ocasionan este tipo de residuos actualmente.<\/p>\n<p><strong>El \u00e1cido levul\u00ednico es un mon\u00f3mero con una importante demanda industrial pues, tras su transformaci\u00f3n qu\u00edmica, tiene aplicaci\u00f3n en m\u00faltiples sectores industriales de alto inter\u00e9s e impacto en la sociedad como son el farmac\u00e9utico, los biocombustibles, los pol\u00edmeros, la alimentaci\u00f3n y el \u00e1mbito qu\u00edmico, en general.<\/strong><\/span><\/p>\n<p><strong>Tecnolog\u00eda desarrollada en el Centro Tecnol\u00f3gico Jose Llad\u00f3 de T\u00e9cnicas Reunidas<\/strong>\u00a0con colaboraci\u00f3n de la fundaci\u00f3n suiza\u00a0<strong>ZAR (Stifung Zentrum f\u00fcr Naccaltige Abfal-Und Ressourcennutzung).<\/strong><\/p>\n","protected":false},"excerpt":{"rendered":"TECNOLOG\u00cdAS DE VALORIZACI\u00d3N DE BIOMASA PROCESO WALEVATM La tecnolog\u00eda WALEVA desarrollada por T\u00e9cnicas Reunidas, ha demostrado la viabilidad de transformar cualquier tipo de residuo lignocelul\u00f3sico en el \u00e1cido levul\u00ednico, una plataforma qu\u00edmica de alto valor a\u00f1adido. Partiendo de la introducci\u00f3n de una nueva cadena de valor se consigue a la vez evitar el impacto ambiental&#8230; <a class=\"view-article\" href=\"https:\/\/ddtp.tecnicasreunidas.es\/en\/technologies\/biorefinery\/\">View Article<\/a>","protected":false},"author":2,"featured_media":0,"parent":67,"menu_order":0,"comment_status":"closed","ping_status":"closed","template":"procesos-y-productos-ficha-waleva.php","meta":{"footnotes":""},"_links":{"self":[{"href":"https:\/\/ddtp.tecnicasreunidas.es\/en\/wp-json\/wp\/v2\/pages\/665"}],"collection":[{"href":"https:\/\/ddtp.tecnicasreunidas.es\/en\/wp-json\/wp\/v2\/pages"}],"about":[{"href":"https:\/\/ddtp.tecnicasreunidas.es\/en\/wp-json\/wp\/v2\/types\/page"}],"author":[{"embeddable":true,"href":"https:\/\/ddtp.tecnicasreunidas.es\/en\/wp-json\/wp\/v2\/users\/2"}],"replies":[{"embeddable":true,"href":"https:\/\/ddtp.tecnicasreunidas.es\/en\/wp-json\/wp\/v2\/comments?post=665"}],"version-history":[{"count":3,"href":"https:\/\/ddtp.tecnicasreunidas.es\/en\/wp-json\/wp\/v2\/pages\/665\/revisions"}],"predecessor-version":[{"id":783,"href":"https:\/\/ddtp.tecnicasreunidas.es\/en\/wp-json\/wp\/v2\/pages\/665\/revisions\/783"}],"up":[{"embeddable":true,"href":"https:\/\/ddtp.tecnicasreunidas.es\/en\/wp-json\/wp\/v2\/pages\/67"}],"wp:attachment":[{"href":"https:\/\/ddtp.tecnicasreunidas.es\/en\/wp-json\/wp\/v2\/media?parent=665"}],"curies":[{"name":"wp","href":"https:\/\/api.w.org\/{rel}","templated":true}]}}