{"id":90,"date":"2014-10-14T14:08:04","date_gmt":"2014-10-14T14:08:04","guid":{"rendered":"https:\/\/ddtp.tecnicasreunidas.es\/?page_id=90"},"modified":"2016-07-19T07:27:12","modified_gmt":"2016-07-19T07:27:12","slug":"rd-projects","status":"publish","type":"page","link":"https:\/\/ddtp.tecnicasreunidas.es\/en\/about-us\/rd-projects\/","title":{"rendered":"R&#038;D Projects"},"content":{"rendered":"<p>En un entorno econ\u00f3mico cada vez m\u00e1s complejo y vol\u00e1til en el que los mercados y la competencia son globales, TR mantiene un firme compromiso con la I+D y la generaci\u00f3n de conocimiento como principales motores y garantes de su actividad en el medio y largo plazo. A nivel tecnol\u00f3gico, la estrategia de la compa\u00f1\u00eda se fundamenta en el desarrollo de nuevas tecnolog\u00edas, la consolidaci\u00f3n de las tecnolog\u00edas ya desarrolladas y en la diversificaci\u00f3n hacia nuevos sectores y aplicaciones. La actividad de I+D+i de la Divisi\u00f3n de Desarrollo de Tecnolog\u00edas Propias (DDTP) est\u00e1 alineada con la estrategia corporativa del Grupo TR y aborda los principales retos tecnol\u00f3gicos de los sectores en los que el Grupo tiene actividad. Las l\u00edneas estrat\u00e9gicas de investigaci\u00f3n est\u00e1n focalizadas a las \u00e1reas de materias Primas (recuperaci\u00f3n de metales, biomasa), medioambiente (reciclado de residuos y agua) y energ\u00eda (almacenamiento de energ\u00eda).<\/p>\n<p><span>COLABORATION<\/span><\/p>\n<p>A strategy based on diversification and greater interaction with innovative companies, research institutions and stakeholders constitutes an important change in the type of innovation carried out, going from closed innovation to open innovation, in which the company interacts with all external elements to develop our technologies, processes and services.<\/p>\n<p><span>TECHNOLOGY DEVELOPMENT<\/span><\/p>\n<p>Our <strong>R&amp;D<\/strong> activities are centralized within the Proprietary Technology Development Division, where the majority of the company\u2019s R&amp;D projects are coordinated and executed.<\/p>\n<p>The implementation of this innovative model has led to the development of collaborative research projects. In the last five years, the PTDD has participated in <strong>8 national consortium projects (CENIT, INNPRONTA and CIEN) and 11 projects in the 7th European Union Framework Programme, H2020 and LIFE+<\/strong> in many different areas, such as self-repairing materials, renewable energy storage, bio-refining, electric vehicles, ionic liquids, water treatment and recovery of metals with high added value and of from complex ores and waste.<\/p>\n<p><span>8 PROJECTS<\/span><\/p>\n<hr>\n<p>CONSORTIUMS<br \/>NATIONALS<br \/>(CENIT, INNPRONTA AND CIEN)<\/p>\n<p><span>8 PROJECTS<\/span><\/p>\n<hr>\n<p>CONSORTIUMS<br \/>NATIONALS<br \/>(CENIT, INNPRONTA AND CIEN)<\/p>\n<p>LA DIRECCION DE DESARROLLO DE TECNOLOG\u00cdAS PROPIAS COLABORA CON UNIVERSIDADES, CENTROS DE INVESTIGACI\u00d3N, PYMES Y GRANDES EMPRESAS EN LA B\u00daSQUEDA DE SOLUCIONES A RETOS T\u00c9CNICOS CON UN INTER\u00c9S CIENT\u00cdFICO Y DE MERCADO COM\u00daN.<\/p>\n<p>Such collaborations draws links between the different stages of the innovation process<\/p>\n<p>BASIC RESEARCH<br \/>\n<br \/>\nAPPLIED RESEARCH<br \/>\n<br \/>\nTECHNOLOGICAL DEVELOPMENT<br \/>\n<br \/>\nINNOVATION<br \/>\n<br \/>\nMARKET<\/p>\n","protected":false},"excerpt":{"rendered":"En un entorno econ\u00f3mico cada vez m\u00e1s complejo y vol\u00e1til en el que los mercados y la competencia son globales, TR mantiene un firme compromiso con la I+D y la generaci\u00f3n de conocimiento como principales motores y garantes de su actividad en el medio y largo plazo. A nivel tecnol\u00f3gico, la estrategia de la compa\u00f1\u00eda&#8230; <a class=\"view-article\" href=\"https:\/\/ddtp.tecnicasreunidas.es\/en\/about-us\/rd-projects\/\">View Article<\/a>","protected":false},"author":2,"featured_media":0,"parent":61,"menu_order":0,"comment_status":"open","ping_status":"open","template":"servicios-idi.php","meta":{"footnotes":""},"_links":{"self":[{"href":"https:\/\/ddtp.tecnicasreunidas.es\/en\/wp-json\/wp\/v2\/pages\/90"}],"collection":[{"href":"https:\/\/ddtp.tecnicasreunidas.es\/en\/wp-json\/wp\/v2\/pages"}],"about":[{"href":"https:\/\/ddtp.tecnicasreunidas.es\/en\/wp-json\/wp\/v2\/types\/page"}],"author":[{"embeddable":true,"href":"https:\/\/ddtp.tecnicasreunidas.es\/en\/wp-json\/wp\/v2\/users\/2"}],"replies":[{"embeddable":true,"href":"https:\/\/ddtp.tecnicasreunidas.es\/en\/wp-json\/wp\/v2\/comments?post=90"}],"version-history":[{"count":4,"href":"https:\/\/ddtp.tecnicasreunidas.es\/en\/wp-json\/wp\/v2\/pages\/90\/revisions"}],"predecessor-version":[{"id":492,"href":"https:\/\/ddtp.tecnicasreunidas.es\/en\/wp-json\/wp\/v2\/pages\/90\/revisions\/492"}],"up":[{"embeddable":true,"href":"https:\/\/ddtp.tecnicasreunidas.es\/en\/wp-json\/wp\/v2\/pages\/61"}],"wp:attachment":[{"href":"https:\/\/ddtp.tecnicasreunidas.es\/en\/wp-json\/wp\/v2\/media?parent=90"}],"curies":[{"name":"wp","href":"https:\/\/api.w.org\/{rel}","templated":true}]}}